{"id":109651,"date":"2022-09-20T23:50:33","date_gmt":"2022-09-20T23:50:33","guid":{"rendered":"https:\/\/new.corporaciondoxa.com\/?page_id=109651"},"modified":"2022-11-23T01:56:49","modified_gmt":"2022-11-23T01:56:49","slug":"comentarios-sociedad-civil","status":"publish","type":"page","link":"https:\/\/new.corporaciondoxa.com\/?page_id=109651","title":{"rendered":"Comentarios sociedad civil"},"content":{"rendered":"<p>[et_pb_section fb_built=\u00bb1&#8243; disabled_on=\u00bboff|off|on\u00bb _builder_version=\u00bb4.17.6&#8243; _module_preset=\u00bbdefault\u00bb background_color=\u00bb#00a1d3&#8243; background_image=\u00bbhttps:\/\/new.corporaciondoxa.com\/wp-content\/uploads\/2022\/10\/comentarios-sociedad-civil2-1.jpg\u00bb background_position=\u00bbtop_center\u00bb background_vertical_offset=\u00bb22%\u00bb background_blend=\u00bbmultiply\u00bb min_height=\u00bb100px\u00bb height=\u00bb152px\u00bb max_height=\u00bb152px\u00bb custom_margin=\u00bb||||false|false\u00bb custom_padding=\u00bb24px||13px||false|false\u00bb global_colors_info=\u00bb{}\u00bb][\/et_pb_section][et_pb_section fb_built=\u00bb1&#8243; admin_label=\u00bbSplit Section\u00bb _builder_version=\u00bb4.17.6&#8243; use_background_color_gradient=\u00bbon\u00bb background_color_gradient_stops=\u00bb#ffffff 22%|rgba(255,255,255,0) 100%\u00bb background_color_gradient_overlays_image=\u00bbon\u00bb custom_margin=\u00bb25px||||false|false\u00bb custom_padding=\u00bb0px||0px|\u00bb animation_style=\u00bbfold\u00bb animation_direction=\u00bbbottom\u00bb animation_intensity_fold=\u00bb4%\u00bb global_colors_info=\u00bb{}\u00bb][et_pb_row column_structure=\u00bb1_2,1_2&#8243; use_custom_gutter=\u00bbon\u00bb gutter_width=\u00bb1&#8243; make_equal=\u00bbon\u00bb module_class=\u00bb et_pb_row_fullwidth\u00bb _builder_version=\u00bb4.17.6&#8243; background_size=\u00bbinitial\u00bb background_position=\u00bbtop_left\u00bb background_repeat=\u00bbrepeat\u00bb width=\u00bb100%\u00bb width_tablet=\u00bb100%\u00bb width_phone=\u00bb100%\u00bb width_last_edited=\u00bbon|desktop\u00bb max_width=\u00bb100%\u00bb max_width_tablet=\u00bb100%\u00bb max_width_phone=\u00bb100%\u00bb max_width_last_edited=\u00bbon|desktop\u00bb custom_margin=\u00bb0px||0px|\u00bb custom_padding=\u00bb0px||58px|||\u00bb make_fullwidth=\u00bbon\u00bb global_colors_info=\u00bb{}\u00bb][et_pb_column type=\u00bb1_2&#8243; _builder_version=\u00bb4.17.6&#8243; use_background_color_gradient=\u00bbon\u00bb background_color_gradient_stops=\u00bb#ffffff 0%|rgba(255,255,255,0) 13%\u00bb background_color_gradient_overlays_image=\u00bbon\u00bb background_image=\u00bbhttps:\/\/new.corporaciondoxa.com\/wp-content\/uploads\/2022\/10\/comentarios-sociedad-civil2-1.jpg\u00bb background_position=\u00bbtop_left\u00bb custom_padding=\u00bb|||\u00bb global_colors_info=\u00bb{}\u00bb custom_padding__hover=\u00bb|||\u00bb][\/et_pb_column][et_pb_column type=\u00bb1_2&#8243; _builder_version=\u00bb4.17.6&#8243; background_color=\u00bb#f4f4f4&#8243; use_background_color_gradient=\u00bbon\u00bb background_color_gradient_stops=\u00bb#ffffff 0%|rgba(255,255,255,0) 18%\u00bb background_position=\u00bbtop_left\u00bb custom_padding=\u00bb8%|6%|8%|6%\u00bb global_colors_info=\u00bb{}\u00bb custom_padding__hover=\u00bb|||\u00bb][et_pb_divider color=\u00bb#47187d\u00bb divider_weight=\u00bb3px\u00bb disabled_on=\u00bboff|off|off\u00bb _builder_version=\u00bb4.17.6&#8243; background_color_gradient_direction=\u00bb90deg\u00bb max_width=\u00bb100px\u00bb module_alignment=\u00bbleft\u00bb height=\u00bb5px\u00bb custom_margin=\u00bb||20px|\u00bb custom_padding=\u00bb||20px|\u00bb animation_style=\u00bbslide\u00bb animation_direction=\u00bbbottom\u00bb saved_tabs=\u00bball\u00bb locked=\u00bboff\u00bb global_colors_info=\u00bb{}\u00bb][\/et_pb_divider][et_pb_cta title=\u00bbComentarios de Sociedad Civil\u00bb button_text=\u00bbVer Documentos\u00bb _builder_version=\u00bb4.17.6&#8243; _module_preset=\u00bbdefault\u00bb header_font=\u00bb|700|||||||\u00bb header_text_align=\u00bbleft\u00bb header_text_color=\u00bb#47187d\u00bb header_font_size=\u00bb63px\u00bb body_text_align=\u00bbleft\u00bb body_text_color=\u00bb#494949&#8243; body_font_size=\u00bb16px\u00bb body_line_height=\u00bb1.8em\u00bb background_color=\u00bbrgba(255,255,255,0)\u00bb custom_button=\u00bbon\u00bb button_text_size=\u00bb15px\u00bb button_text_color=\u00bb#47187d\u00bb button_bg_color=\u00bb#47187d\u00bb button_border_width=\u00bb4px\u00bb button_border_color=\u00bb#47187d\u00bb button_font=\u00bb|700|||||||\u00bb custom_padding=\u00bb9px||0px|||\u00bb header_font_size_tablet=\u00bb63px\u00bb header_font_size_phone=\u00bb39px\u00bb header_font_size_last_edited=\u00bbon|phone\u00bb global_colors_info=\u00bb{}\u00bb]<\/p>\n<p><span>Conoce los datos m\u00e1s importantes para el desarrollo y ejecuci\u00f3n de nuestra Fundaci\u00f3n Misioneros Divina Redenci\u00f3n San Felipe Neri<\/span><\/p>\n<p>[\/et_pb_cta][et_pb_button button_url=\u00bbhttps:\/\/drive.google.com\/drive\/folders\/16UFT9N3kmDx17QE8VENmLVh1BTSd886l?usp=sharing\u00bb button_text=\u00bbVer documentos\u00bb _builder_version=\u00bb4.17.6&#8243; _module_preset=\u00bbdefault\u00bb custom_button=\u00bbon\u00bb button_bg_color=\u00bb#47187d\u00bb button_border_color=\u00bb#47187d\u00bb button_use_icon=\u00bboff\u00bb background_layout=\u00bbdark\u00bb custom_margin=\u00bb|||31px|false|false\u00bb global_colors_info=\u00bb{}\u00bb button_bg_color__hover_enabled=\u00bbon|hover\u00bb button_bg_color__hover=\u00bb#00a1d3&#8243; button_bg_enable_color__hover=\u00bbon\u00bb][\/et_pb_button][\/et_pb_column][\/et_pb_row][\/et_pb_section][et_pb_section fb_built=\u00bb1&#8243; admin_label=\u00bbStatistics\u00bb _builder_version=\u00bb4.16&#8243; custom_padding=\u00bb0px||0px|||\u00bb global_colors_info=\u00bb{}\u00bb][et_pb_row _builder_version=\u00bb4.17.6&#8243; _module_preset=\u00bbdefault\u00bb width=\u00bb100%\u00bb max_width=\u00bb100%\u00bb hover_enabled=\u00bb0&#8243; sticky_enabled=\u00bb0&#8243; custom_padding=\u00bb50px|||||\u00bb][et_pb_column _builder_version=\u00bb4.17.6&#8243; _module_preset=\u00bbdefault\u00bb type=\u00bb4_4&#8243;][\/et_pb_column][\/et_pb_row][\/et_pb_section]<\/p>\n","protected":false},"excerpt":{"rendered":"<p>Conoce los datos m\u00e1s importantes para el desarrollo y ejecuci\u00f3n de nuestra Fundaci\u00f3n Misioneros Divina Redenci\u00f3n San Felipe Neri<\/p>\n","protected":false},"author":1,"featured_media":0,"parent":0,"menu_order":4,"comment_status":"closed","ping_status":"closed","template":"","meta":{"_et_pb_use_builder":"on","_et_pb_old_content":"","_et_gb_content_width":"","footnotes":""},"class_list":["post-109651","page","type-page","status-publish","hentry"],"_links":{"self":[{"href":"https:\/\/new.corporaciondoxa.com\/index.php?rest_route=\/wp\/v2\/pages\/109651","targetHints":{"allow":["GET"]}}],"collection":[{"href":"https:\/\/new.corporaciondoxa.com\/index.php?rest_route=\/wp\/v2\/pages"}],"about":[{"href":"https:\/\/new.corporaciondoxa.com\/index.php?rest_route=\/wp\/v2\/types\/page"}],"author":[{"embeddable":true,"href":"https:\/\/new.corporaciondoxa.com\/index.php?rest_route=\/wp\/v2\/users\/1"}],"replies":[{"embeddable":true,"href":"https:\/\/new.corporaciondoxa.com\/index.php?rest_route=%2Fwp%2Fv2%2Fcomments&post=109651"}],"version-history":[{"count":14,"href":"https:\/\/new.corporaciondoxa.com\/index.php?rest_route=\/wp\/v2\/pages\/109651\/revisions"}],"predecessor-version":[{"id":110310,"href":"https:\/\/new.corporaciondoxa.com\/index.php?rest_route=\/wp\/v2\/pages\/109651\/revisions\/110310"}],"wp:attachment":[{"href":"https:\/\/new.corporaciondoxa.com\/index.php?rest_route=%2Fwp%2Fv2%2Fmedia&parent=109651"}],"curies":[{"name":"wp","href":"https:\/\/api.w.org\/{rel}","templated":true}]}}